{"id":16327,"date":"2024-10-10T17:29:58","date_gmt":"2024-10-10T15:29:58","guid":{"rendered":"https:\/\/www.radiatori2000.it\/work-with-us\/"},"modified":"2025-10-02T09:28:34","modified_gmt":"2025-10-02T07:28:34","slug":"careers","status":"publish","type":"page","link":"https:\/\/www.radiatori2000.it\/en\/careers\/","title":{"rendered":"Careers"},"content":{"rendered":"\n\n<div class=\"section block-2-columns block-2-columns-text-and-image pb-0\" style=\"\">\n  <div class=\"container\">\n    <div class=\"row align-items-center\">\n      <div class=\"col-12 col-lg-6 order-lg-2\">\n        <div class=\"section-title\">\n          \n                      <h3>Join us: people are the heart of our success.<\/h3>                  <\/div>\n\n                  <div class=\"text\">\n            <p>At Radiatori 2000, we believe that every individual can be a <strong>driver of change and innovation<\/strong>. We are looking for enthusiastic, enterprising individuals who are ready to take on challenges and work together to build a more<strong> responsible and inclusive future<\/strong>.<\/p>\n<p>We offer you a stimulating work environment, where<strong> talent is recognized<\/strong> and skills are continuously enhanced through training programs and <strong>professional growth<\/strong> opportunities.<\/p>\n<p>If you believe in the value of collaboration and want to make an impact, explore our open positions or send us your spontaneous application. You could be the next person to make a difference in our team!<\/p>\n          <\/div>\n        \n        \n              <\/div>\n\n      <div class=\"col-12 col-lg-6 order-lg-1\">\n                  <img decoding=\"async\" src=\"https:\/\/www.radiatori2000.it\/wp-content\/uploads\/2024\/10\/img-work.webp\" alt=\"\" class=\"img-fluid w-100\">\n              <\/div>\n    <\/div>\n  <\/div>\n<\/div>\n\n\n\n<div class=\"section block-list-positions\">\n  <div class=\"container\">\n    <div class=\"row\">\n      <div class=\"col-12\">\n                  <div class=\"content-container mt-0\">\n            \n              <div class=\"card\">\n                <div class=\"card-body\">\n                  <h4 class=\"card-title\">Manutentore Meccanico Industriale<\/h4>\n\n                  <ul class=\"list-unstyled list-info\">\n                    <li><strong>Location:<\/strong> Ciserano (BG) Via Francesca 54\/A<\/li>\n                    <li><strong>Contract:<\/strong> Tempo indeterminato<\/li>\n                    <li><strong>Hours:<\/strong> Full-time<\/li>\n                  <\/ul>\n\n                                      <div class=\"card-content\">\n                      <div class=\"text\">\n                        Il manutentore meccanico industriale verr\u00e0 inserito nella nostra squadra di manutenzione e si occuper\u00e0 della manutenzione ordinaria e straordinaria degli impianti e macchinari meccanici all\u2019interno dell\u2019intero stabilimento, trasversalmente per tutti i reparti. Garantir\u00e0 il corretto funzionamento delle macchine e degli impianti meccanici, eseguendo interventi di riparazione, sostituzione componenti, diagnosi guasti e regolazioni. Si occuper\u00e0 inoltre [&hellip;]                      <\/div>\n\n                      <div class=\"text collapse\" id=\"collapseContent_block_0f909643a372b162a038e4a3a7e52af6_0\">\n                        <p>Il <strong>manutentore meccanico industriale<\/strong> verr\u00e0 inserito nella nostra squadra di manutenzione e si occuper\u00e0 della manutenzione ordinaria e straordinaria degli impianti e macchinari meccanici all\u2019interno dell\u2019intero stabilimento, trasversalmente per tutti i reparti.<\/p>\n<p>Garantir\u00e0 il corretto funzionamento delle macchine e degli impianti meccanici, eseguendo interventi di riparazione, sostituzione componenti, diagnosi guasti e regolazioni. Si occuper\u00e0 inoltre della messa a punto delle linee produttive, effettuando verifiche periodiche e interventi preventivi per evitare fermi macchina e ridurre i rischi di malfunzionamenti.<\/p>\n<p>Collaborer\u00e0 con altri reparti per ottimizzare le prestazioni degli impianti e parteciper\u00e0 a progetti di miglioramento continuo e revamping delle linee. Sar\u00e0 responsabile dell\u2019aggiornamento della documentazione tecnica relativa agli interventi e della corretta gestione delle attrezzature necessarie.<\/p>\n<hr \/>\n<p><strong>Requisiti<\/strong><\/p>\n<p><strong>Titolo di Studio:<\/strong><br \/>\nPreferibile ma non indispensabile Diploma tecnico in ambito meccanico \/ meccatronico o equivalente.<\/p>\n<p><strong>Esperienza:<\/strong><br \/>\nAlmeno 5 anni di esperienza in manutenzione meccanica industriale, preferibilmente in ambito metalmeccanico \/ siderurgico.<\/p>\n<p><strong>Competenze Tecniche:<\/strong><\/p>\n<ul data-end=\"1886\" data-start=\"1446\">\n<li>Conoscenza approfondita di impianti e macchinari meccanici industriali.<\/li>\n<li>Capacit\u00e0 di leggere e interpretare disegni tecnici e schemi meccanici.<\/li>\n<li>Esperienza in interventi su riduttori, cuscinetti, nastri trasportatori, pompe, valvole, sistemi idraulici e pneumatici.<\/li>\n<li>Conoscenza delle tecniche di saldatura, montaggio\/smontaggio e allineamento.<\/li>\n<li>Conoscenza delle procedure di manutenzione preventiva, predittiva e correttiva.<\/li>\n<\/ul>\n<p><strong>Competenze Trasversali:<\/strong><\/p>\n<ul data-end=\"2214\" data-start=\"1918\">\n<li>Capacit\u00e0 di lavorare in team e comunicare efficacemente con colleghi e superiori.<\/li>\n<li>Problem solving e capacit\u00e0 di lavorare in situazioni di emergenza o sotto pressione.<\/li>\n<li>Attitudine al miglioramento continuo e gestione autonoma del tempo.<\/li>\n<li>Ottima capacit\u00e0 di diagnosi e ricerca guasti.<\/li>\n<\/ul>\n<p><strong>Altri Requisiti:<\/strong><\/p>\n<ul>\n<li>Disponibilit\u00e0 a lavorare su turni (3).<\/li>\n<li>Disponibilit\u00e0 a straordinari e reperibilit\u00e0.<\/li>\n<\/ul>\n<p>L\u2019offerta di lavoro \u00e8 rivolta a candidati di entrambi i sessi (L.903\/77) e a persone con disabilit\u00e0 ai sensi della Legge 68\/99.<\/p>\n                      <\/div>\n\n                      <div class=\"btn-container\">\n                        <button type=\"button\" class=\"btn btn-text-icon btn-show-more\" data-bs-toggle=\"collapse\" data-bs-target=\"#collapseContent_block_0f909643a372b162a038e4a3a7e52af6_0\">\n                          Read more                          <div class=\"icon icon-angle-down\"><\/div>\n                        <\/button>\n                        \n                        <button type=\"button\" class=\"btn btn-text-icon btn-show-less d-none\" data-bs-toggle=\"collapse\" data-bs-target=\"#collapseContent_block_0f909643a372b162a038e4a3a7e52af6_0\">\n                          Read less                          <div class=\"icon icon-angle-up\"><\/div>\n                        <\/button>\n                      <\/div>\n                    <\/div>\n                  \n                  <button type=\"button\" class=\"btn btn-primary job-application-btn\" data-bs-toggle=\"modal\" data-bs-target=\"#modal_block_0f909643a372b162a038e4a3a7e52af6\" data-position=\"Manutentore Meccanico Industriale\">\n                    Apply now                  <\/button>\n                <\/div>\n              <\/div>\n\n                      <\/div>\n              <\/div>\n    <\/div>\n  <\/div>\n<\/div>\n\n  <div class=\"modal fade\" id=\"modal_block_0f909643a372b162a038e4a3a7e52af6\" tabindex=\"-1\" role=\"dialog\">\n    <div class=\"modal-dialog modal-lg\" role=\"document\">\n      <div class=\"modal-content\">\n        <div class=\"modal-header\">\n          <h4 class=\"modal-title\">\n            Submit your application          <\/h4>\n          <p class=\"d-none\">Posizione: &#8220;<span><\/span>&#8220;<\/p>\n          <button type=\"button\" class=\"btn-close\" data-bs-dismiss=\"modal\" aria-label=\"Close\"><\/button>\n        <\/div>\n        <div class=\"modal-body\">\n          <div class=\"row\">\n            <div class=\"col-12\">\n              \n<div class=\"wpcf7 no-js\" id=\"wpcf7-f16682-o1\" lang=\"en-US\" dir=\"ltr\" data-wpcf7-id=\"16682\">\n<div class=\"screen-reader-response\"><p role=\"status\" aria-live=\"polite\" aria-atomic=\"true\"><\/p> <ul><\/ul><\/div>\n<form action=\"\/en\/wp-json\/wp\/v2\/pages\/16327#wpcf7-f16682-o1\" method=\"post\" class=\"wpcf7-form init\" aria-label=\"Contact form\" enctype=\"multipart\/form-data\" novalidate=\"novalidate\" data-status=\"init\">\n<fieldset class=\"hidden-fields-container\"><input type=\"hidden\" name=\"_wpcf7\" value=\"16682\" \/><input type=\"hidden\" name=\"_wpcf7_version\" value=\"6.1.5\" \/><input type=\"hidden\" name=\"_wpcf7_locale\" value=\"en_US\" \/><input type=\"hidden\" name=\"_wpcf7_unit_tag\" value=\"wpcf7-f16682-o1\" \/><input type=\"hidden\" name=\"_wpcf7_container_post\" value=\"0\" \/><input type=\"hidden\" name=\"_wpcf7_posted_data_hash\" value=\"\" \/><input type=\"hidden\" name=\"_wpcf7_recaptcha_response\" value=\"\" \/>\n<\/fieldset>\n<div class=\"form-request\">\n    <input class=\"wpcf7-form-control wpcf7-hidden\" value=\"\" type=\"hidden\" name=\"formPosition\" \/>\n    <div class=\"row\">\n        <div class=\"col-12 col-md-6\">\n            <div class=\"form-group\">\n                <span class=\"wpcf7-form-control-wrap\" data-name=\"formNameSurname\"><input size=\"40\" maxlength=\"400\" class=\"wpcf7-form-control wpcf7-text wpcf7-validates-as-required form-control\" aria-required=\"true\" aria-invalid=\"false\" placeholder=\"First Name and Last Name *\" value=\"\" type=\"text\" name=\"formNameSurname\" \/><\/span>\n            <\/div>\n        <\/div>\n        <div class=\"col-12 col-md-6\">\n            <div class=\"form-group\">\n                <span class=\"wpcf7-form-control-wrap\" data-name=\"formEmail\"><input size=\"40\" maxlength=\"400\" class=\"wpcf7-form-control wpcf7-email wpcf7-validates-as-required wpcf7-text wpcf7-validates-as-email form-control\" aria-required=\"true\" aria-invalid=\"false\" placeholder=\"Email *\" value=\"\" type=\"email\" name=\"formEmail\" \/><\/span>\n            <\/div>\n        <\/div>\n        <div class=\"col-12\">\n            <div class=\"form-group\">\n                <span class=\"wpcf7-form-control-wrap\" data-name=\"formMessage\"><textarea cols=\"40\" rows=\"4\" maxlength=\"2000\" class=\"wpcf7-form-control wpcf7-textarea form-control\" aria-invalid=\"false\" placeholder=\"Message\" name=\"formMessage\"><\/textarea><\/span>\n            <\/div>\n        <\/div>\n        <div class=\"col-12\">\n            <div class=\"form-group\">\n                <div class=\"form-label\">Curriculum Vitae* (pdf max 5mb)<\/div>\n                <span class=\"wpcf7-form-control-wrap\" data-name=\"formCV\"><input size=\"40\" class=\"wpcf7-form-control wpcf7-file wpcf7-validates-as-required\" accept=\".pdf\" aria-required=\"true\" aria-invalid=\"false\" type=\"file\" name=\"formCV\" \/><\/span>\n            <\/div>\n        <\/div>\n        <div class=\"col-12\">\n            <div class=\"form-group\">\n                <p>The personal data provided will be used by Radiatori 2000 S.p.A. for recruitment purposes, in accordance with EU Regulation 2016\/679 (General Data Protection Regulation \u2013 GDPR) on the protection of personal data. To learn how the provided data is processed, click <a href=\"\/wp-content\/uploads\/2025\/03\/RADIATORI2000-Privacy-Policy-Personnel-Selection-REV-1_0_1-EN-1.pdf\" target=\"_blank\" rel=\"nofollow noopener\"><u>here<\/u><\/a>. <\/p>\n                <span class=\"wpcf7-form-control-wrap\" data-name=\"formPrivacy\"><span class=\"wpcf7-form-control wpcf7-acceptance\"><span class=\"wpcf7-list-item\"><label><input type=\"checkbox\" name=\"formPrivacy\" value=\"1\" aria-invalid=\"false\" \/><span class=\"wpcf7-list-item-label\">* I consent to my personal information being used in accordance with the <a href=\"\/wp-content\/uploads\/2025\/03\/RADIATORI2000-Privacy-Policy-Website-REV-1_0_1-EN-1.pdf\" title=\"Privacy Policy\" target=\"_blank\" rel=\"nofollow noopener\"><u>Privacy<\/u><\/a> and <a href=\"\/en\/cookie-policy\/\" title=\"Cookie Policy\" target=\"_blank\" rel=\"nofollow noopener\"><u>Cookie Policy<\/u><\/a><\/span><\/label><\/span><\/span><\/span>\n            <\/div>\n        <\/div>\n        <div class=\"col-12 text-center text-xl-end\">\n            <input class=\"wpcf7-form-control wpcf7-submit has-spinner btn btn-boxed mt-2\" type=\"submit\" value=\"Submit\" \/>\n        <\/div>\n    <\/div>\n<\/div><div class=\"wpcf7-response-output\" aria-hidden=\"true\"><\/div>\n<\/form>\n<\/div>\n            <\/div>\n          <\/div>\n        <\/div>\n      <\/div>\n    <\/div>\n  <\/div>\n\n<div class=\"section block-form-modal section-work text-white\" style=\"background-image: url(https:\/\/www.radiatori2000.it\/wp-content\/uploads\/2024\/11\/bg-work.webp)\">\n  <div class=\"container\">\n    <div class=\"row\">\n      <div class=\"col-12\">\n        <div class=\"section-title\">\n                      <div class=\"pre-title\">\n              Careers            <\/div>\n          \n                      <h3>Do you want to be part of our team?<\/h3>                  <\/div>\n\n        \n                  <button type=\"button\" class=\"btn btn-secondary job-application-btn\" data-bs-toggle=\"modal\" data-bs-target=\"#modal_block_0f909643a372b162a038e4a3a7e52af6\" data-position=\"Unsolicited application\">\n            Apply now          <\/button>\n              <\/div>\n    <\/div>\n  <\/div>\n<\/div>\n\n","protected":false},"excerpt":{"rendered":"","protected":false},"author":1,"featured_media":15564,"parent":0,"menu_order":0,"comment_status":"closed","ping_status":"closed","template":"","meta":{"_acf_changed":false,"footnotes":""},"class_list":["post-16327","page","type-page","status-publish","has-post-thumbnail","hentry"],"acf":[],"yoast_head":"<!-- This site is optimized with the Yoast SEO plugin v27.3 - https:\/\/yoast.com\/product\/yoast-seo-wordpress\/ -->\n<title>Careers | Radiatori 2000<\/title>\n<meta name=\"description\" content=\"Do you want to join our team? We take special care in selecting people to join Radiatori 2000. Find out about open positions or send us your CV\" \/>\n<meta name=\"robots\" content=\"index, follow, max-snippet:-1, max-image-preview:large, max-video-preview:-1\" \/>\n<link rel=\"canonical\" href=\"https:\/\/www.radiatori2000.it\/en\/careers\/\" \/>\n<meta property=\"og:locale\" content=\"en_US\" \/>\n<meta property=\"og:type\" content=\"article\" \/>\n<meta property=\"og:title\" content=\"Careers | Radiatori 2000\" \/>\n<meta property=\"og:description\" content=\"Do you want to join our team? We take special care in selecting people to join Radiatori 2000. Find out about open positions or send us your CV\" \/>\n<meta property=\"og:url\" content=\"https:\/\/www.radiatori2000.it\/en\/careers\/\" \/>\n<meta property=\"og:site_name\" content=\"Radiatori 2000\" \/>\n<meta property=\"article:modified_time\" content=\"2025-10-02T07:28:34+00:00\" \/>\n<meta property=\"og:image\" content=\"https:\/\/www.radiatori2000.it\/wp-content\/uploads\/2025\/02\/bg-head-about.webp\" \/>\n\t<meta property=\"og:image:width\" content=\"2100\" \/>\n\t<meta property=\"og:image:height\" content=\"730\" \/>\n\t<meta property=\"og:image:type\" content=\"image\/webp\" \/>\n<meta name=\"twitter:card\" content=\"summary_large_image\" \/>\n<meta name=\"twitter:label1\" content=\"Est. reading time\" \/>\n\t<meta name=\"twitter:data1\" content=\"1 minute\" \/>\n<script type=\"application\/ld+json\" class=\"yoast-schema-graph\">{\"@context\":\"https:\\\/\\\/schema.org\",\"@graph\":[{\"@type\":\"WebPage\",\"@id\":\"https:\\\/\\\/www.radiatori2000.it\\\/en\\\/careers\\\/\",\"url\":\"https:\\\/\\\/www.radiatori2000.it\\\/en\\\/careers\\\/\",\"name\":\"Careers | Radiatori 2000\",\"isPartOf\":{\"@id\":\"https:\\\/\\\/www.radiatori2000.it\\\/en\\\/#website\"},\"primaryImageOfPage\":{\"@id\":\"https:\\\/\\\/www.radiatori2000.it\\\/en\\\/careers\\\/#primaryimage\"},\"image\":{\"@id\":\"https:\\\/\\\/www.radiatori2000.it\\\/en\\\/careers\\\/#primaryimage\"},\"thumbnailUrl\":\"https:\\\/\\\/www.radiatori2000.it\\\/wp-content\\\/uploads\\\/2025\\\/02\\\/bg-head-about.webp\",\"datePublished\":\"2024-10-10T15:29:58+00:00\",\"dateModified\":\"2025-10-02T07:28:34+00:00\",\"description\":\"Do you want to join our team? We take special care in selecting people to join Radiatori 2000. Find out about open positions or send us your CV\",\"breadcrumb\":{\"@id\":\"https:\\\/\\\/www.radiatori2000.it\\\/en\\\/careers\\\/#breadcrumb\"},\"inLanguage\":\"en-US\",\"potentialAction\":[{\"@type\":\"ReadAction\",\"target\":[\"https:\\\/\\\/www.radiatori2000.it\\\/en\\\/careers\\\/\"]}]},{\"@type\":\"ImageObject\",\"inLanguage\":\"en-US\",\"@id\":\"https:\\\/\\\/www.radiatori2000.it\\\/en\\\/careers\\\/#primaryimage\",\"url\":\"https:\\\/\\\/www.radiatori2000.it\\\/wp-content\\\/uploads\\\/2025\\\/02\\\/bg-head-about.webp\",\"contentUrl\":\"https:\\\/\\\/www.radiatori2000.it\\\/wp-content\\\/uploads\\\/2025\\\/02\\\/bg-head-about.webp\",\"width\":2100,\"height\":730},{\"@type\":\"BreadcrumbList\",\"@id\":\"https:\\\/\\\/www.radiatori2000.it\\\/en\\\/careers\\\/#breadcrumb\",\"itemListElement\":[{\"@type\":\"ListItem\",\"position\":1,\"name\":\"Home\",\"item\":\"https:\\\/\\\/www.radiatori2000.it\\\/en\\\/\"},{\"@type\":\"ListItem\",\"position\":2,\"name\":\"Careers\"}]},{\"@type\":\"WebSite\",\"@id\":\"https:\\\/\\\/www.radiatori2000.it\\\/en\\\/#website\",\"url\":\"https:\\\/\\\/www.radiatori2000.it\\\/en\\\/\",\"name\":\"Radiatori 2000\",\"description\":\"\",\"potentialAction\":[{\"@type\":\"SearchAction\",\"target\":{\"@type\":\"EntryPoint\",\"urlTemplate\":\"https:\\\/\\\/www.radiatori2000.it\\\/en\\\/?s={search_term_string}\"},\"query-input\":{\"@type\":\"PropertyValueSpecification\",\"valueRequired\":true,\"valueName\":\"search_term_string\"}}],\"inLanguage\":\"en-US\"}]}<\/script>\n<!-- \/ Yoast SEO plugin. -->","yoast_head_json":{"title":"Careers | Radiatori 2000","description":"Do you want to join our team? We take special care in selecting people to join Radiatori 2000. Find out about open positions or send us your CV","robots":{"index":"index","follow":"follow","max-snippet":"max-snippet:-1","max-image-preview":"max-image-preview:large","max-video-preview":"max-video-preview:-1"},"canonical":"https:\/\/www.radiatori2000.it\/en\/careers\/","og_locale":"en_US","og_type":"article","og_title":"Careers | Radiatori 2000","og_description":"Do you want to join our team? We take special care in selecting people to join Radiatori 2000. Find out about open positions or send us your CV","og_url":"https:\/\/www.radiatori2000.it\/en\/careers\/","og_site_name":"Radiatori 2000","article_modified_time":"2025-10-02T07:28:34+00:00","og_image":[{"width":2100,"height":730,"url":"https:\/\/www.radiatori2000.it\/wp-content\/uploads\/2025\/02\/bg-head-about.webp","type":"image\/webp"}],"twitter_card":"summary_large_image","twitter_misc":{"Est. reading time":"1 minute"},"schema":{"@context":"https:\/\/schema.org","@graph":[{"@type":"WebPage","@id":"https:\/\/www.radiatori2000.it\/en\/careers\/","url":"https:\/\/www.radiatori2000.it\/en\/careers\/","name":"Careers | Radiatori 2000","isPartOf":{"@id":"https:\/\/www.radiatori2000.it\/en\/#website"},"primaryImageOfPage":{"@id":"https:\/\/www.radiatori2000.it\/en\/careers\/#primaryimage"},"image":{"@id":"https:\/\/www.radiatori2000.it\/en\/careers\/#primaryimage"},"thumbnailUrl":"https:\/\/www.radiatori2000.it\/wp-content\/uploads\/2025\/02\/bg-head-about.webp","datePublished":"2024-10-10T15:29:58+00:00","dateModified":"2025-10-02T07:28:34+00:00","description":"Do you want to join our team? We take special care in selecting people to join Radiatori 2000. Find out about open positions or send us your CV","breadcrumb":{"@id":"https:\/\/www.radiatori2000.it\/en\/careers\/#breadcrumb"},"inLanguage":"en-US","potentialAction":[{"@type":"ReadAction","target":["https:\/\/www.radiatori2000.it\/en\/careers\/"]}]},{"@type":"ImageObject","inLanguage":"en-US","@id":"https:\/\/www.radiatori2000.it\/en\/careers\/#primaryimage","url":"https:\/\/www.radiatori2000.it\/wp-content\/uploads\/2025\/02\/bg-head-about.webp","contentUrl":"https:\/\/www.radiatori2000.it\/wp-content\/uploads\/2025\/02\/bg-head-about.webp","width":2100,"height":730},{"@type":"BreadcrumbList","@id":"https:\/\/www.radiatori2000.it\/en\/careers\/#breadcrumb","itemListElement":[{"@type":"ListItem","position":1,"name":"Home","item":"https:\/\/www.radiatori2000.it\/en\/"},{"@type":"ListItem","position":2,"name":"Careers"}]},{"@type":"WebSite","@id":"https:\/\/www.radiatori2000.it\/en\/#website","url":"https:\/\/www.radiatori2000.it\/en\/","name":"Radiatori 2000","description":"","potentialAction":[{"@type":"SearchAction","target":{"@type":"EntryPoint","urlTemplate":"https:\/\/www.radiatori2000.it\/en\/?s={search_term_string}"},"query-input":{"@type":"PropertyValueSpecification","valueRequired":true,"valueName":"search_term_string"}}],"inLanguage":"en-US"}]}},"_links":{"self":[{"href":"https:\/\/www.radiatori2000.it\/en\/wp-json\/wp\/v2\/pages\/16327","targetHints":{"allow":["GET"]}}],"collection":[{"href":"https:\/\/www.radiatori2000.it\/en\/wp-json\/wp\/v2\/pages"}],"about":[{"href":"https:\/\/www.radiatori2000.it\/en\/wp-json\/wp\/v2\/types\/page"}],"author":[{"embeddable":true,"href":"https:\/\/www.radiatori2000.it\/en\/wp-json\/wp\/v2\/users\/1"}],"replies":[{"embeddable":true,"href":"https:\/\/www.radiatori2000.it\/en\/wp-json\/wp\/v2\/comments?post=16327"}],"version-history":[{"count":11,"href":"https:\/\/www.radiatori2000.it\/en\/wp-json\/wp\/v2\/pages\/16327\/revisions"}],"predecessor-version":[{"id":17769,"href":"https:\/\/www.radiatori2000.it\/en\/wp-json\/wp\/v2\/pages\/16327\/revisions\/17769"}],"wp:featuredmedia":[{"embeddable":true,"href":"https:\/\/www.radiatori2000.it\/en\/wp-json\/wp\/v2\/media\/15564"}],"wp:attachment":[{"href":"https:\/\/www.radiatori2000.it\/en\/wp-json\/wp\/v2\/media?parent=16327"}],"curies":[{"name":"wp","href":"https:\/\/api.w.org\/{rel}","templated":true}]}}